{"id":101061,"date":"2023-04-18T05:07:06","date_gmt":"2023-04-18T04:07:06","guid":{"rendered":"https:\/\/luiseduardol.sg-host.com\/?page_id=101061"},"modified":"2025-05-19T14:57:09","modified_gmt":"2025-05-19T14:57:09","slug":"descanso","status":"publish","type":"page","link":"https:\/\/grupoplastiberica.com\/index.php\/descanso\/","title":{"rendered":"Descanso"},"content":{"rendered":"<p>[et_pb_section fb_built=\u00bb1&#8243; admin_label=\u00bbHero Section\u00bb _builder_version=\u00bb4.16&#8243; use_background_color_gradient=\u00bbon\u00bb background_color_gradient_stops=\u00bb#000000 0%|rgba(0,0,0,0) 100%\u00bb background_color_gradient_overlays_image=\u00bbon\u00bb background_color_gradient_start=\u00bb#000000&#8243; background_color_gradient_end=\u00bbrgba(0,0,0,0)\u00bb background_image=\u00bbhttps:\/\/believeinart.org\/wp-content\/uploads\/BinA-44.jpg\u00bb custom_margin=\u00bb|||\u00bb custom_padding=\u00bb0|0|3px||false|false\u00bb animation_style=\u00bbfade\u00bb global_colors_info=\u00bb{}\u00bb][\/et_pb_section][et_pb_section fb_built=\u00bb1&#8243; admin_label=\u00bbServices\u00bb _builder_version=\u00bb4.16&#8243; background_image=\u00bbhttp:\/\/luiseduardol.sg-host.com\/wp-content\/uploads\/gardener-03.png\u00bb background_size=\u00bbinitial\u00bb background_position=\u00bbtop_left\u00bb custom_padding=\u00bb54px|0px|0|0px|false|false\u00bb global_colors_info=\u00bb{}\u00bb][et_pb_row column_structure=\u00bb1_2,1_2&#8243; _builder_version=\u00bb4.16&#8243; global_colors_info=\u00bb{}\u00bb][et_pb_column type=\u00bb1_2&#8243; _builder_version=\u00bb4.16&#8243; custom_padding=\u00bb|||\u00bb global_colors_info=\u00bb{}\u00bb custom_padding__hover=\u00bb|||\u00bb][et_pb_image src=\u00bbhttps:\/\/grupoplastiberica.com\/wp-content\/uploads\/2023\/07\/D_Plot-Clover.png\u00bb title_text=\u00bbD_Plot-Clover\u00bb align=\u00bbcenter\u00bb _builder_version=\u00bb4.21.0&#8243; width=\u00bb70%\u00bb custom_padding=\u00bb30px||||false|false\u00bb animation_style=\u00bbfade\u00bb always_center_on_mobile=\u00bboff\u00bb global_colors_info=\u00bb{}\u00bb][\/et_pb_image][et_pb_cta title=\u00bbPLOTS-Advanced systems\u00bb button_url=\u00bbhttps:\/\/grupoplastiberica.com\/index.php\/project_category\/plots-advanced-systems\/\u00bb button_text=\u00bbSaber m\u00e1s\u00bb _builder_version=\u00bb4.21.0&#8243; header_level=\u00bbh4&#8243; header_font=\u00bbCormorant Garamond|700|||||||\u00bb header_font_size=\u00bb25px\u00bb header_line_height=\u00bb1.5em\u00bb body_font=\u00bb||||||||\u00bb body_line_height=\u00bb2em\u00bb use_background_color=\u00bboff\u00bb custom_button=\u00bbon\u00bb button_text_size=\u00bb10px\u00bb button_text_color=\u00bb#ffffff\u00bb button_bg_color=\u00bb#a0ce4e\u00bb button_border_width=\u00bb10px\u00bb button_border_color=\u00bbrgba(0,0,0,0)\u00bb button_border_radius=\u00bb0px\u00bb button_letter_spacing=\u00bb4px\u00bb button_font=\u00bbRoboto|700||on|||||\u00bb text_orientation=\u00bbleft\u00bb background_layout=\u00bblight\u00bb custom_margin_tablet=\u00bb||70px|\u00bb custom_margin_phone=\u00bb||40px|\u00bb custom_margin_last_edited=\u00bbon|phone\u00bb button_letter_spacing_hover=\u00bb2px\u00bb global_colors_info=\u00bb{}\u00bb button_text_size__hover_enabled=\u00bboff\u00bb button_one_text_size__hover_enabled=\u00bboff\u00bb button_two_text_size__hover_enabled=\u00bboff\u00bb button_text_color__hover_enabled=\u00bboff\u00bb button_one_text_color__hover_enabled=\u00bboff\u00bb button_two_text_color__hover_enabled=\u00bboff\u00bb button_border_width__hover_enabled=\u00bboff\u00bb button_one_border_width__hover_enabled=\u00bboff\u00bb button_two_border_width__hover_enabled=\u00bboff\u00bb button_border_color__hover_enabled=\u00bboff\u00bb button_one_border_color__hover_enabled=\u00bboff\u00bb button_two_border_color__hover_enabled=\u00bboff\u00bb button_border_radius__hover_enabled=\u00bboff\u00bb button_one_border_radius__hover_enabled=\u00bboff\u00bb button_two_border_radius__hover_enabled=\u00bboff\u00bb button_letter_spacing__hover_enabled=\u00bbon\u00bb button_letter_spacing__hover=\u00bb2px\u00bb button_one_letter_spacing__hover_enabled=\u00bboff\u00bb button_two_letter_spacing__hover_enabled=\u00bboff\u00bb button_bg_color__hover_enabled=\u00bboff\u00bb button_one_bg_color__hover_enabled=\u00bboff\u00bb button_two_bg_color__hover_enabled=\u00bboff\u00bb]<\/p>\n<p><span>Plots-Advanced systems son una soluci\u00f3n tecnol\u00f3gica de nuestro departamento de I+D+I que continuamente invierte en nuevos e inteligentes dise\u00f1os que adem\u00e1s solucionan factores importantes como: tiempo de producci\u00f3n, eficiencia y comportamiento de componentes, revolucionando los procesos de ensamblaje y acabado.<\/span><\/p>\n<p>[\/et_pb_cta][\/et_pb_column][et_pb_column type=\u00bb1_2&#8243; _builder_version=\u00bb4.16&#8243; custom_padding=\u00bb|||\u00bb global_colors_info=\u00bb{}\u00bb custom_padding__hover=\u00bb|||\u00bb][et_pb_image src=\u00bbhttps:\/\/grupoplastiberica.com\/wp-content\/uploads\/2023\/07\/D_tpe.png\u00bb title_text=\u00bbD_tpe\u00bb align=\u00bbcenter\u00bb _builder_version=\u00bb4.21.0&#8243; width=\u00bb70%\u00bb custom_padding=\u00bb30px||||false|false\u00bb animation_style=\u00bbfade\u00bb always_center_on_mobile=\u00bboff\u00bb locked=\u00bboff\u00bb global_colors_info=\u00bb{}\u00bb][\/et_pb_image][et_pb_cta title=\u00bbCAPS TPE\/EE\u00bb button_url=\u00bbhttps:\/\/grupoplastiberica.com\/index.php\/project_category\/caps-tpe-ee\/\u00bb button_text=\u00bbSaber m\u00e1s\u00bb _builder_version=\u00bb4.21.0&#8243; header_level=\u00bbh4&#8243; header_font=\u00bbCormorant Garamond|700|||||||\u00bb header_font_size=\u00bb25px\u00bb header_line_height=\u00bb1.5em\u00bb body_font=\u00bb||||||||\u00bb body_line_height=\u00bb2em\u00bb use_background_color=\u00bboff\u00bb custom_button=\u00bbon\u00bb button_text_size=\u00bb10px\u00bb button_text_color=\u00bb#ffffff\u00bb button_bg_color=\u00bb#a0ce4e\u00bb button_border_width=\u00bb10px\u00bb button_border_color=\u00bbrgba(0,0,0,0)\u00bb button_border_radius=\u00bb0px\u00bb button_letter_spacing=\u00bb4px\u00bb button_font=\u00bbRoboto|700||on|||||\u00bb text_orientation=\u00bbleft\u00bb background_layout=\u00bblight\u00bb button_letter_spacing_hover=\u00bb2px\u00bb locked=\u00bboff\u00bb global_colors_info=\u00bb{}\u00bb button_text_size__hover_enabled=\u00bboff\u00bb button_one_text_size__hover_enabled=\u00bboff\u00bb button_two_text_size__hover_enabled=\u00bboff\u00bb button_text_color__hover_enabled=\u00bboff\u00bb button_one_text_color__hover_enabled=\u00bboff\u00bb button_two_text_color__hover_enabled=\u00bboff\u00bb button_border_width__hover_enabled=\u00bboff\u00bb button_one_border_width__hover_enabled=\u00bboff\u00bb button_two_border_width__hover_enabled=\u00bboff\u00bb button_border_color__hover_enabled=\u00bboff\u00bb button_one_border_color__hover_enabled=\u00bboff\u00bb button_two_border_color__hover_enabled=\u00bboff\u00bb button_border_radius__hover_enabled=\u00bboff\u00bb button_one_border_radius__hover_enabled=\u00bboff\u00bb button_two_border_radius__hover_enabled=\u00bboff\u00bb button_letter_spacing__hover_enabled=\u00bbon\u00bb button_letter_spacing__hover=\u00bb2px\u00bb button_one_letter_spacing__hover_enabled=\u00bboff\u00bb button_two_letter_spacing__hover_enabled=\u00bboff\u00bb button_bg_color__hover_enabled=\u00bboff\u00bb button_one_bg_color__hover_enabled=\u00bboff\u00bb button_two_bg_color__hover_enabled=\u00bboff\u00bb]<\/p>\n<p><span>La l\u00ednea de productos TPE \/ EE soluciona de manera eficiente la suspensi\u00f3n de la creciente y amplia gama de lamas y de sistemas de anclajes diferentes en la industria europea del descanso, utilizando materiales de alta calidad en su desarrollo.<\/span><\/p>\n<p><span><\/span><\/p>\n<p><span><\/span><\/p>\n<p>[\/et_pb_cta][\/et_pb_column][\/et_pb_row][\/et_pb_section][et_pb_section fb_built=\u00bb1&#8243; admin_label=\u00bbServices\u00bb _builder_version=\u00bb4.16&#8243; background_image=\u00bbhttp:\/\/luiseduardol.sg-host.com\/wp-content\/uploads\/gardener-03.png\u00bb background_size=\u00bbinitial\u00bb background_position=\u00bbbottom_right\u00bb custom_padding=\u00bb0|0px||0px|false|false\u00bb global_colors_info=\u00bb{}\u00bb][et_pb_row column_structure=\u00bb1_2,1_2&#8243; make_equal=\u00bbon\u00bb _builder_version=\u00bb4.21.0&#8243; global_colors_info=\u00bb{}\u00bb][et_pb_column type=\u00bb1_2&#8243; _builder_version=\u00bb4.16&#8243; custom_padding=\u00bb|||\u00bb global_colors_info=\u00bb{}\u00bb custom_padding__hover=\u00bb|||\u00bb][et_pb_image src=\u00bbhttps:\/\/grupoplastiberica.com\/wp-content\/uploads\/2023\/07\/D_Basic_line.png\u00bb title_text=\u00bbD_Basic_line\u00bb align=\u00bbcenter\u00bb _builder_version=\u00bb4.21.0&#8243; width=\u00bb70%\u00bb custom_padding=\u00bb30px||||false|false\u00bb animation_style=\u00bbfade\u00bb always_center_on_mobile=\u00bboff\u00bb global_colors_info=\u00bb{}\u00bb][\/et_pb_image][et_pb_cta title=\u00bbBASIC Line\u00bb button_url=\u00bbhttps:\/\/grupoplastiberica.com\/index.php\/project_category\/basic-line\/\u00bb button_text=\u00bbSaber m\u00e1s\u00bb _builder_version=\u00bb4.21.0&#8243; header_level=\u00bbh4&#8243; header_font=\u00bbCormorant Garamond|700|||||||\u00bb header_font_size=\u00bb25px\u00bb header_line_height=\u00bb1.5em\u00bb body_font=\u00bb||||||||\u00bb body_line_height=\u00bb2em\u00bb use_background_color=\u00bboff\u00bb custom_button=\u00bbon\u00bb button_text_size=\u00bb10px\u00bb button_text_color=\u00bb#ffffff\u00bb button_bg_color=\u00bb#a0ce4e\u00bb button_border_width=\u00bb10px\u00bb button_border_color=\u00bbrgba(0,0,0,0)\u00bb button_border_radius=\u00bb0px\u00bb button_letter_spacing=\u00bb4px\u00bb button_font=\u00bbRoboto|700||on|||||\u00bb text_orientation=\u00bbleft\u00bb background_layout=\u00bblight\u00bb button_letter_spacing_hover=\u00bb2px\u00bb global_colors_info=\u00bb{}\u00bb button_text_size__hover_enabled=\u00bboff\u00bb button_one_text_size__hover_enabled=\u00bboff\u00bb button_two_text_size__hover_enabled=\u00bboff\u00bb button_text_color__hover_enabled=\u00bboff\u00bb button_one_text_color__hover_enabled=\u00bboff\u00bb button_two_text_color__hover_enabled=\u00bboff\u00bb button_border_width__hover_enabled=\u00bboff\u00bb button_one_border_width__hover_enabled=\u00bboff\u00bb button_two_border_width__hover_enabled=\u00bboff\u00bb button_border_color__hover_enabled=\u00bboff\u00bb button_one_border_color__hover_enabled=\u00bboff\u00bb button_two_border_color__hover_enabled=\u00bboff\u00bb button_border_radius__hover_enabled=\u00bboff\u00bb button_one_border_radius__hover_enabled=\u00bboff\u00bb button_two_border_radius__hover_enabled=\u00bboff\u00bb button_letter_spacing__hover_enabled=\u00bbon\u00bb button_letter_spacing__hover=\u00bb2px\u00bb button_one_letter_spacing__hover_enabled=\u00bboff\u00bb button_two_letter_spacing__hover_enabled=\u00bboff\u00bb button_bg_color__hover_enabled=\u00bboff\u00bb button_one_bg_color__hover_enabled=\u00bboff\u00bb button_two_bg_color__hover_enabled=\u00bboff\u00bb]<\/p>\n<p><span>Fabricados en polietileno, estos dise\u00f1os proporcionan soluciones a los sistemas de doble anclaje superior con \u00f3ptimos resultados en relaci\u00f3n calidad precio, mantenimiento de la seguridad, comportamiento y acabados garantizados para todos nuestros productos.<\/span><\/p>\n<p>[\/et_pb_cta][\/et_pb_column][et_pb_column type=\u00bb1_2&#8243; _builder_version=\u00bb4.16&#8243; custom_padding=\u00bb|||\u00bb global_colors_info=\u00bb{}\u00bb custom_padding__hover=\u00bb|||\u00bb][et_pb_image src=\u00bbhttps:\/\/grupoplastiberica.com\/wp-content\/uploads\/2023\/07\/D_accessories_regularot.png\u00bb title_text=\u00bbD_accessories_regularot\u00bb align=\u00bbcenter\u00bb _builder_version=\u00bb4.21.0&#8243; width=\u00bb70%\u00bb custom_padding=\u00bb30px||||false|false\u00bb animation_style=\u00bbfade\u00bb always_center_on_mobile=\u00bboff\u00bb locked=\u00bboff\u00bb global_colors_info=\u00bb{}\u00bb][\/et_pb_image][et_pb_cta title=\u00bbACCESORIOS\u00bb button_url=\u00bbhttps:\/\/grupoplastiberica.com\/index.php\/project_category\/accesorios\/\u00bb button_text=\u00bbSaber m\u00e1s\u00bb _builder_version=\u00bb4.21.0&#8243; header_level=\u00bbh4&#8243; header_font=\u00bbCormorant Garamond|700|||||||\u00bb header_font_size=\u00bb25px\u00bb header_line_height=\u00bb1.5em\u00bb body_font=\u00bb||||||||\u00bb body_line_height=\u00bb2em\u00bb use_background_color=\u00bboff\u00bb custom_button=\u00bbon\u00bb button_text_size=\u00bb10px\u00bb button_text_color=\u00bb#ffffff\u00bb button_bg_color=\u00bb#a0ce4e\u00bb button_border_width=\u00bb10px\u00bb button_border_color=\u00bbrgba(0,0,0,0)\u00bb button_border_radius=\u00bb0px\u00bb button_letter_spacing=\u00bb4px\u00bb button_font=\u00bbRoboto|700||on|||||\u00bb text_orientation=\u00bbleft\u00bb background_layout=\u00bblight\u00bb button_letter_spacing_hover=\u00bb2px\u00bb locked=\u00bboff\u00bb global_colors_info=\u00bb{}\u00bb button_text_size__hover_enabled=\u00bboff\u00bb button_one_text_size__hover_enabled=\u00bboff\u00bb button_two_text_size__hover_enabled=\u00bboff\u00bb button_text_color__hover_enabled=\u00bboff\u00bb button_one_text_color__hover_enabled=\u00bboff\u00bb button_two_text_color__hover_enabled=\u00bboff\u00bb button_border_width__hover_enabled=\u00bboff\u00bb button_one_border_width__hover_enabled=\u00bboff\u00bb button_two_border_width__hover_enabled=\u00bboff\u00bb button_border_color__hover_enabled=\u00bboff\u00bb button_one_border_color__hover_enabled=\u00bboff\u00bb button_two_border_color__hover_enabled=\u00bboff\u00bb button_border_radius__hover_enabled=\u00bboff\u00bb button_one_border_radius__hover_enabled=\u00bboff\u00bb button_two_border_radius__hover_enabled=\u00bboff\u00bb button_letter_spacing__hover_enabled=\u00bbon\u00bb button_letter_spacing__hover=\u00bb2px\u00bb button_one_letter_spacing__hover_enabled=\u00bboff\u00bb button_two_letter_spacing__hover_enabled=\u00bboff\u00bb button_bg_color__hover_enabled=\u00bboff\u00bb button_one_bg_color__hover_enabled=\u00bboff\u00bb button_two_bg_color__hover_enabled=\u00bboff\u00bb]<\/p>\n<p>Una selecci\u00f3n de nuestra extensa gama de accesorios.<\/p>\n<p>&nbsp;<\/p>\n<p>&nbsp;<\/p>\n<p>[\/et_pb_cta][\/et_pb_column][\/et_pb_row][\/et_pb_section][et_pb_section fb_built=\u00bb1&#8243; admin_label=\u00bbFeature\u00bb _builder_version=\u00bb4.21.0&#8243; global_colors_info=\u00bb{}\u00bb][et_pb_row column_structure=\u00bb2_3,1_3&#8243; _builder_version=\u00bb4.21.0&#8243; background_size=\u00bbinitial\u00bb background_position=\u00bbbottom_right\u00bb custom_padding=\u00bb0px|0px|0|0px|false|false\u00bb locked=\u00bboff\u00bb global_colors_info=\u00bb{}\u00bb][et_pb_column type=\u00bb2_3&#8243; _builder_version=\u00bb4.21.0&#8243; use_background_color_gradient=\u00bbon\u00bb background_color_gradient_stops=\u00bbrgba(141,183,0,0.8) 0%|rgba(141,183,0,0.6) 100%\u00bb background_color_gradient_overlays_image=\u00bbon\u00bb background_color_gradient_start=\u00bbrgba(141,183,0,0.8)\u00bb background_color_gradient_end=\u00bbrgba(141,183,0,0.6)\u00bb background_image=\u00bbhttps:\/\/grupoplastiberica.com\/wp-content\/uploads\/2023\/06\/1.jpeg\u00bb custom_padding=\u00bb60px|||30px\u00bb global_colors_info=\u00bb{}\u00bb custom_padding__hover=\u00bb|||\u00bb][et_pb_text _builder_version=\u00bb4.21.0&#8243; text_font=\u00bb||||||||\u00bb text_font_size=\u00bb16px\u00bb text_line_height=\u00bb2em\u00bb header_2_font=\u00bbCormorant Garamond|700|||||||\u00bb header_2_font_size=\u00bb52px\u00bb header_2_line_height=\u00bb1.2em\u00bb background_layout=\u00bbdark\u00bb max_width=\u00bb80%\u00bb custom_margin=\u00bb|||\u00bb custom_padding=\u00bb||||false\u00bb header_2_font_size_tablet=\u00bb42px\u00bb header_2_font_size_phone=\u00bb32px\u00bb header_2_font_size_last_edited=\u00bbon|desktop\u00bb locked=\u00bboff\u00bb global_colors_info=\u00bb{}\u00bb]<\/p>\n<h2 style=\"text-align: center;\">\u00a0Cat\u00e1logo Plastiberica<\/h2>\n<p>&nbsp;<\/p>\n<p>[\/et_pb_text][et_pb_cta button_url=\u00bbhttps:\/\/grupoplastiberica.com\/wp-content\/uploads\/2025\/05\/Catalogo.pdf\u00bb url_new_window=\u00bbon\u00bb button_text=\u00bbDescargar\u00bb _builder_version=\u00bb4.21.0&#8243; header_level=\u00bbh4&#8243; header_font=\u00bbCormorant Garamond|700|||||||\u00bb header_font_size=\u00bb25px\u00bb header_line_height=\u00bb1.5em\u00bb body_font=\u00bb||||||||\u00bb body_line_height=\u00bb2em\u00bb background_color=\u00bb#FFFFFF\u00bb custom_button=\u00bbon\u00bb button_text_size=\u00bb16px\u00bb button_text_color=\u00bb#ffffff\u00bb button_bg_color=\u00bb#a0ce4e\u00bb button_border_width=\u00bb10px\u00bb button_border_color=\u00bbrgba(0,0,0,0)\u00bb button_border_radius=\u00bb0px\u00bb button_letter_spacing=\u00bb4px\u00bb button_font=\u00bbRoboto|700||on|||||\u00bb button_alignment=\u00bbcenter\u00bb button_custom_margin=\u00bb||||false|false\u00bb text_orientation=\u00bbleft\u00bb background_layout=\u00bblight\u00bb custom_margin=\u00bb|||200px|false|false\u00bb custom_margin_tablet=\u00bb|||200px|false|false\u00bb custom_margin_phone=\u00bb|||70px|false|false\u00bb custom_margin_last_edited=\u00bbon|desktop\u00bb animation_style=\u00bbslide\u00bb animation_direction=\u00bbright\u00bb animation_intensity_slide=\u00bb5%\u00bb animation_starting_opacity=\u00bb100%\u00bb link_option_url_new_window=\u00bbon\u00bb hover_enabled=\u00bb0&#8243; button_letter_spacing_hover=\u00bb2px\u00bb global_colors_info=\u00bb{}\u00bb button_text_size__hover_enabled=\u00bboff\u00bb button_one_text_size__hover_enabled=\u00bboff\u00bb button_two_text_size__hover_enabled=\u00bboff\u00bb button_text_color__hover_enabled=\u00bboff\u00bb button_one_text_color__hover_enabled=\u00bboff\u00bb button_two_text_color__hover_enabled=\u00bboff\u00bb button_border_width__hover_enabled=\u00bboff\u00bb button_one_border_width__hover_enabled=\u00bboff\u00bb button_two_border_width__hover_enabled=\u00bboff\u00bb button_border_color__hover_enabled=\u00bboff\u00bb button_one_border_color__hover_enabled=\u00bboff\u00bb button_two_border_color__hover_enabled=\u00bboff\u00bb button_border_radius__hover_enabled=\u00bboff\u00bb button_one_border_radius__hover_enabled=\u00bboff\u00bb button_two_border_radius__hover_enabled=\u00bboff\u00bb button_letter_spacing__hover_enabled=\u00bbon\u00bb button_letter_spacing__hover=\u00bb2px\u00bb button_one_letter_spacing__hover_enabled=\u00bboff\u00bb button_two_letter_spacing__hover_enabled=\u00bboff\u00bb button_bg_color__hover_enabled=\u00bboff\u00bb button_one_bg_color__hover_enabled=\u00bboff\u00bb button_two_bg_color__hover_enabled=\u00bboff\u00bb sticky_enabled=\u00bb0&#8243;][\/et_pb_cta][\/et_pb_column][et_pb_column type=\u00bb1_3&#8243; _builder_version=\u00bb4.16&#8243; custom_padding=\u00bb|||\u00bb custom_padding_tablet=\u00bb0px|||\u00bb custom_padding_last_edited=\u00bboff|desktop\u00bb global_colors_info=\u00bb{}\u00bb padding_tablet=\u00bb0px|||\u00bb padding_last_edited=\u00bboff|desktop\u00bb custom_padding__hover=\u00bb|||\u00bb][et_pb_blurb title=\u00bbI+D+I\u00bb use_icon=\u00bbon\u00bb font_icon=\u00bb&#xe052;||divi||400&#8243; icon_color=\u00bb#8db700&#8243; icon_placement=\u00bbleft\u00bb image_icon_width=\u00bb20px\u00bb content_max_width=\u00bb1100px\u00bb _builder_version=\u00bb4.21.0&#8243; header_font=\u00bb|600|||||||\u00bb header_font_size=\u00bb14px\u00bb header_line_height=\u00bb1.4em\u00bb custom_margin=\u00bb30px||20px||false|false\u00bb animation_style=\u00bbslide\u00bb animation_direction=\u00bbleft\u00bb animation_intensity_slide=\u00bb4%\u00bb animation=\u00bboff\u00bb icon_font_size=\u00bb20px\u00bb locked=\u00bboff\u00bb global_colors_info=\u00bb{}\u00bb][\/et_pb_blurb][et_pb_blurb title=\u00bbDurabilidad &#038; Fiabilidad\u00bb use_icon=\u00bbon\u00bb font_icon=\u00bb&#xe052;||divi||400&#8243; icon_color=\u00bb#8db700&#8243; icon_placement=\u00bbleft\u00bb image_icon_width=\u00bb20px\u00bb content_max_width=\u00bb1100px\u00bb _builder_version=\u00bb4.21.0&#8243; header_font=\u00bb|600|||||||\u00bb header_font_size=\u00bb14px\u00bb header_line_height=\u00bb1.4em\u00bb custom_margin=\u00bb||20px||false|false\u00bb animation_style=\u00bbslide\u00bb animation_direction=\u00bbleft\u00bb animation_intensity_slide=\u00bb4%\u00bb animation=\u00bboff\u00bb icon_font_size=\u00bb20px\u00bb locked=\u00bboff\u00bb global_colors_info=\u00bb{}\u00bb][\/et_pb_blurb][et_pb_blurb title=\u00bbEmpresa eco-friendly\u00bb use_icon=\u00bbon\u00bb font_icon=\u00bb&#xe052;||divi||400&#8243; icon_color=\u00bb#8db700&#8243; icon_placement=\u00bbleft\u00bb image_icon_width=\u00bb20px\u00bb content_max_width=\u00bb1100px\u00bb _builder_version=\u00bb4.21.0&#8243; header_font=\u00bb|600|||||||\u00bb header_font_size=\u00bb14px\u00bb header_line_height=\u00bb1.4em\u00bb custom_margin=\u00bb||20px||false|false\u00bb animation_style=\u00bbslide\u00bb animation_direction=\u00bbleft\u00bb animation_intensity_slide=\u00bb4%\u00bb animation=\u00bboff\u00bb icon_font_size=\u00bb20px\u00bb locked=\u00bboff\u00bb global_colors_info=\u00bb{}\u00bb][\/et_pb_blurb][et_pb_blurb title=\u00bbEntrega r\u00e1pida\u00bb use_icon=\u00bbon\u00bb font_icon=\u00bb&#xe052;||divi||400&#8243; icon_color=\u00bb#8db700&#8243; icon_placement=\u00bbleft\u00bb image_icon_width=\u00bb20px\u00bb content_max_width=\u00bb1100px\u00bb _builder_version=\u00bb4.21.0&#8243; header_font=\u00bb|600|||||||\u00bb header_font_size=\u00bb14px\u00bb header_line_height=\u00bb1.4em\u00bb custom_margin=\u00bb||70px||false|false\u00bb animation_style=\u00bbslide\u00bb animation_direction=\u00bbleft\u00bb animation_intensity_slide=\u00bb4%\u00bb animation=\u00bboff\u00bb icon_font_size=\u00bb20px\u00bb locked=\u00bboff\u00bb global_colors_info=\u00bb{}\u00bb][\/et_pb_blurb][\/et_pb_column][\/et_pb_row][\/et_pb_section]<\/p>\n","protected":false},"excerpt":{"rendered":"<p>Plots-Advanced systems son una soluci\u00f3n tecnol\u00f3gica de nuestro departamento de I+D+I que continuamente invierte en nuevos e inteligentes dise\u00f1os que adem\u00e1s solucionan factores importantes como: tiempo de producci\u00f3n, eficiencia y comportamiento de componentes, revolucionando los procesos de ensamblaje y acabado.La l\u00ednea de productos TPE \/ EE soluciona de manera eficiente la suspensi\u00f3n de la creciente [&hellip;]<\/p>\n","protected":false},"author":2,"featured_media":0,"parent":0,"menu_order":0,"comment_status":"closed","ping_status":"closed","template":"","meta":{"_et_pb_use_builder":"on","_et_pb_old_content":"","_et_gb_content_width":"1080","footnotes":""},"class_list":["post-101061","page","type-page","status-publish","hentry"],"_links":{"self":[{"href":"https:\/\/grupoplastiberica.com\/index.php\/wp-json\/wp\/v2\/pages\/101061","targetHints":{"allow":["GET"]}}],"collection":[{"href":"https:\/\/grupoplastiberica.com\/index.php\/wp-json\/wp\/v2\/pages"}],"about":[{"href":"https:\/\/grupoplastiberica.com\/index.php\/wp-json\/wp\/v2\/types\/page"}],"author":[{"embeddable":true,"href":"https:\/\/grupoplastiberica.com\/index.php\/wp-json\/wp\/v2\/users\/2"}],"replies":[{"embeddable":true,"href":"https:\/\/grupoplastiberica.com\/index.php\/wp-json\/wp\/v2\/comments?post=101061"}],"version-history":[{"count":25,"href":"https:\/\/grupoplastiberica.com\/index.php\/wp-json\/wp\/v2\/pages\/101061\/revisions"}],"predecessor-version":[{"id":102311,"href":"https:\/\/grupoplastiberica.com\/index.php\/wp-json\/wp\/v2\/pages\/101061\/revisions\/102311"}],"wp:attachment":[{"href":"https:\/\/grupoplastiberica.com\/index.php\/wp-json\/wp\/v2\/media?parent=101061"}],"curies":[{"name":"wp","href":"https:\/\/api.w.org\/{rel}","templated":true}]}}