{"id":101082,"date":"2023-04-18T08:25:14","date_gmt":"2023-04-18T07:25:14","guid":{"rendered":"https:\/\/luiseduardol.sg-host.com\/?page_id=101082"},"modified":"2023-07-03T03:56:19","modified_gmt":"2023-07-03T03:56:19","slug":"multisector","status":"publish","type":"page","link":"https:\/\/grupoplastiberica.com\/index.php\/multisector\/","title":{"rendered":"Multisector"},"content":{"rendered":"<p>[et_pb_section fb_built=\u00bb1&#8243; admin_label=\u00bbHero Section\u00bb _builder_version=\u00bb4.16&#8243; use_background_color_gradient=\u00bbon\u00bb background_color_gradient_stops=\u00bb#000000 0%|rgba(0,0,0,0) 100%\u00bb background_color_gradient_overlays_image=\u00bbon\u00bb background_color_gradient_start=\u00bb#000000&#8243; background_color_gradient_end=\u00bbrgba(0,0,0,0)\u00bb background_image=\u00bbhttps:\/\/believeinart.org\/wp-content\/uploads\/BinA-44.jpg\u00bb custom_margin=\u00bb|||\u00bb custom_padding=\u00bb0|0|3px||false|false\u00bb animation_style=\u00bbfade\u00bb global_colors_info=\u00bb{}\u00bb][et_pb_row use_custom_gutter=\u00bbon\u00bb gutter_width=\u00bb1&#8243; module_class=\u00bb et_pb_row_fullwidth\u00bb _builder_version=\u00bb4.16&#8243; width=\u00bb100%\u00bb width_tablet=\u00bb100%\u00bb width_phone=\u00bb\u00bb width_last_edited=\u00bbon|desktop\u00bb max_width=\u00bb100%\u00bb max_width_tablet=\u00bb100%\u00bb max_width_phone=\u00bb\u00bb max_width_last_edited=\u00bbon|desktop\u00bb custom_padding=\u00bb0|0px|0|0px|false|false\u00bb make_fullwidth=\u00bbon\u00bb global_colors_info=\u00bb{}\u00bb][et_pb_column type=\u00bb4_4&#8243; _builder_version=\u00bb4.16&#8243; custom_padding=\u00bb|||\u00bb global_colors_info=\u00bb{}\u00bb custom_padding__hover=\u00bb|||\u00bb][et_pb_video src=\u00bbhttps:\/\/grupoplastiberica.com\/wp-content\/uploads\/2023\/04\/plastiberica.mp4&#8243; _builder_version=\u00bb4.21.0&#8243; global_colors_info=\u00bb{}\u00bb][\/et_pb_video][\/et_pb_column][\/et_pb_row][\/et_pb_section][et_pb_section fb_built=\u00bb1&#8243; admin_label=\u00bbAbout\u00bb _builder_version=\u00bb4.16&#8243; background_image=\u00bbhttp:\/\/luiseduardol.sg-host.com\/wp-content\/uploads\/gardener-03.png\u00bb background_size=\u00bbinitial\u00bb background_position=\u00bbtop_left\u00bb global_colors_info=\u00bb{}\u00bb][et_pb_row _builder_version=\u00bb4.21.0&#8243; _module_preset=\u00bbdefault\u00bb][et_pb_column _builder_version=\u00bb4.21.0&#8243; _module_preset=\u00bbdefault\u00bb type=\u00bb4_4&#8243;][et_pb_testimonial _builder_version=\u00bb4.21.0&#8243; _module_preset=\u00bbdefault\u00bb hover_enabled=\u00bb0&#8243; sticky_enabled=\u00bb0&#8243; text_font=\u00bb||||||||\u00bb text_font_size=\u00bb16px\u00bb text_font_size_phone=\u00bb14px\u00bb text_font_size_last_edited=\u00bbon|phone\u00bb text_line_height=\u00bb2em\u00bb text_orientation=\u00bbcenter\u00bb text_font_size_tablet=\u00bb16px\u00bb]<\/p>\n<p>En Plastib\u00e9rica damos forma a tu proyecto ofreciendo un servicio integral desde la concepci\u00f3n de la idea hasta la entrega del producto final.<\/p>\n<p>[\/et_pb_testimonial][\/et_pb_column][\/et_pb_row][et_pb_row column_structure=\u00bb1_4,1_2,1_4&#8243; use_custom_gutter=\u00bbon\u00bb gutter_width=\u00bb2&#8243; make_equal=\u00bbon\u00bb _builder_version=\u00bb4.21.0&#8243; background_enable_image=\u00bboff\u00bb background_size=\u00bbinitial\u00bb background_position=\u00bbbottom_right\u00bb max_width=\u00bb2024px\u00bb module_alignment=\u00bbcenter\u00bb custom_padding=\u00bb||||false|false\u00bb locked=\u00bboff\u00bb global_colors_info=\u00bb{}\u00bb][et_pb_column type=\u00bb1_4&#8243; _builder_version=\u00bb4.16&#8243; custom_padding=\u00bb|||\u00bb global_colors_info=\u00bb{}\u00bb custom_padding__hover=\u00bb|||\u00bb][et_pb_text _builder_version=\u00bb4.21.0&#8243; text_font=\u00bb||||||||\u00bb text_font_size=\u00bb16px\u00bb text_line_height=\u00bb2em\u00bb header_font=\u00bb||||||||\u00bb header_3_font=\u00bb|700||on|||||\u00bb header_3_font_size=\u00bb20px\u00bb header_3_letter_spacing=\u00bb1px\u00bb header_3_line_height=\u00bb1.7em\u00bb custom_padding=\u00bb||||false|false\u00bb hover_enabled=\u00bb0&#8243; text_font_size_tablet=\u00bb\u00bb text_font_size_phone=\u00bb14px\u00bb text_font_size_last_edited=\u00bbon|phone\u00bb locked=\u00bboff\u00bb global_colors_info=\u00bb{}\u00bb sticky_enabled=\u00bb0&#8243; custom_margin=\u00bb40px||||false|false\u00bb]<\/p>\n<p><strong>Dise\u00f1o<\/strong><span>: Desarrollamos el producto contigo poniendo a trabajar nuestro know-how para asesorarte en su dise\u00f1o, fabricabilidad, materiales y procesos. Definimos la geometr\u00eda de la pieza para optimizar el proceso de fabricaci\u00f3n, reducir costes y asegurar la calidad y rentabilidad del producto final.<\/span><\/p>\n<p><strong>Prototipado<\/strong><span>: antes de pasar a la fabricaci\u00f3n en serie de la pieza, fabricamos prototipos en impresi\u00f3n 3D para verificar la est\u00e9tica, funcionalidad, el dimensionado, y realizar las pruebas y ensayos necesarios para asegurar la calidad de la misma.<\/span><\/p>\n<p>[\/et_pb_text][\/et_pb_column][et_pb_column type=\u00bb1_2&#8243; _builder_version=\u00bb4.16&#8243; custom_padding=\u00bb|||\u00bb global_colors_info=\u00bb{}\u00bb custom_padding__hover=\u00bb|||\u00bb][et_pb_image src=\u00bbhttps:\/\/grupoplastiberica.com\/wp-content\/uploads\/2023\/07\/Ciclo-de-vida.png\u00bb title_text=\u00bbCiclo de vida\u00bb align=\u00bbcenter\u00bb _builder_version=\u00bb4.21.0&#8243; _module_preset=\u00bbdefault\u00bb hover_enabled=\u00bb0&#8243; global_colors_info=\u00bb{}\u00bb sticky_enabled=\u00bb0&#8243;][\/et_pb_image][\/et_pb_column][et_pb_column type=\u00bb1_4&#8243; _builder_version=\u00bb4.16&#8243; custom_padding=\u00bb|||\u00bb global_colors_info=\u00bb{}\u00bb custom_padding__hover=\u00bb|||\u00bb][et_pb_text _builder_version=\u00bb4.21.0&#8243; text_font=\u00bb||||||||\u00bb text_font_size=\u00bb16px\u00bb text_line_height=\u00bb2em\u00bb header_font=\u00bb||||||||\u00bb header_3_font=\u00bb|700||on|||||\u00bb header_3_font_size=\u00bb20px\u00bb header_3_letter_spacing=\u00bb1px\u00bb header_3_line_height=\u00bb1.7em\u00bb hover_enabled=\u00bb0&#8243; text_font_size_tablet=\u00bb\u00bb text_font_size_phone=\u00bb14px\u00bb text_font_size_last_edited=\u00bbon|phone\u00bb locked=\u00bboff\u00bb global_colors_info=\u00bb{}\u00bb custom_margin=\u00bb40px||||false|false\u00bb sticky_enabled=\u00bb0&#8243;]<\/p>\n<p><strong>Ensayos f\u00edsicos y reol\u00f3gicos<\/strong><span><strong>:<\/strong> ofrecemos servicio de ensayos f\u00edsicos y reol\u00f3gicos para comprobar la resistencia y calidad de la pieza as\u00ed como el \u00f3ptimo llenado del molde.<\/span><\/p>\n<p><span><strong>Molde:<\/strong> trabajamos con expertos matriceros para el dise\u00f1o y fabricaci\u00f3n de moldes de la mejor calidad en el menor tiempo posible.<\/span><\/p>\n<p><span><strong>Producci\u00f3n:<\/strong>\u00a0una vez tenemos el molde, ponemos a trabajar nuestras inyectoras para la fabricaci\u00f3n en serie de tu producto.<\/span><\/p>\n<p>[\/et_pb_text][\/et_pb_column][\/et_pb_row][et_pb_row _builder_version=\u00bb4.21.0&#8243; _module_preset=\u00bbdefault\u00bb global_colors_info=\u00bb{}\u00bb][et_pb_column type=\u00bb4_4&#8243; _builder_version=\u00bb4.21.0&#8243; _module_preset=\u00bbdefault\u00bb global_colors_info=\u00bb{}\u00bb][et_pb_image src=\u00bbhttps:\/\/grupoplastiberica.com\/wp-content\/uploads\/2023\/07\/estudio2.jpg\u00bb title_text=\u00bbestudio2&#8243; _builder_version=\u00bb4.21.0&#8243; _module_preset=\u00bbdefault\u00bb width=\u00bb150%\u00bb global_colors_info=\u00bb{}\u00bb][\/et_pb_image][\/et_pb_column][\/et_pb_row][\/et_pb_section][et_pb_section fb_built=\u00bb1&#8243; admin_label=\u00bbour Work\u00bb _builder_version=\u00bb4.16&#8243; global_colors_info=\u00bb{}\u00bb][et_pb_row column_structure=\u00bb1_2,1_2&#8243; use_custom_gutter=\u00bbon\u00bb gutter_width=\u00bb1&#8243; make_equal=\u00bbon\u00bb padding_left_right_link_2=\u00bbtrue\u00bb module_class=\u00bb et_pb_row_fullwidth\u00bb _builder_version=\u00bb4.16&#8243; width=\u00bb100%\u00bb width_tablet=\u00bb100%\u00bb width_phone=\u00bb\u00bb width_last_edited=\u00bbon|desktop\u00bb max_width=\u00bb100%\u00bb max_width_tablet=\u00bb100%\u00bb max_width_phone=\u00bb\u00bb max_width_last_edited=\u00bbon|desktop\u00bb custom_padding=\u00bb0|0px|0|0px|false|false\u00bb make_fullwidth=\u00bbon\u00bb locked=\u00bboff\u00bb global_colors_info=\u00bb{}\u00bb][et_pb_column type=\u00bb1_2&#8243; _builder_version=\u00bb4.16&#8243; custom_padding=\u00bb|||\u00bb global_colors_info=\u00bb{}\u00bb custom_padding__hover=\u00bb|||\u00bb][\/et_pb_column][et_pb_column type=\u00bb1_2&#8243; _builder_version=\u00bb4.16&#8243; custom_padding=\u00bb60px|8%||8%\u00bb custom_padding_tablet=\u00bb|10%||10%||true\u00bb custom_padding_phone=\u00bb\u00bb custom_padding_last_edited=\u00bbon|tablet\u00bb global_colors_info=\u00bb{}\u00bb padding_tablet=\u00bb|10%||10%||true\u00bb padding_last_edited=\u00bbon|tablet\u00bb custom_padding__hover=\u00bb|||\u00bb padding_phone=\u00bb|10%||10%||true\u00bb][et_pb_image src=\u00bbhttp:\/\/luiseduardol.sg-host.com\/wp-content\/uploads\/gardener-01.png\u00bb align=\u00bbcenter\u00bb _builder_version=\u00bb4.21.0&#8243; use_background_color_gradient=\u00bbon\u00bb background_color_gradient_direction=\u00bb135deg\u00bb background_color_gradient_stops=\u00bb#ffffff 0%|#e8e8e8 100%\u00bb background_color_gradient_start=\u00bb#ffffff\u00bb background_color_gradient_end=\u00bb#e8e8e8&#8243; max_width=\u00bb146px\u00bb module_alignment=\u00bbright\u00bb custom_margin=\u00bb|||100px|false|false\u00bb custom_padding=\u00bb||||false|false\u00bb always_center_on_mobile=\u00bboff\u00bb global_colors_info=\u00bb{}\u00bb][\/et_pb_image][\/et_pb_column][\/et_pb_row][\/et_pb_section]<\/p>\n","protected":false},"excerpt":{"rendered":"<p>En Plastib\u00e9rica damos forma a tu proyecto ofreciendo un servicio integral desde la concepci\u00f3n de la idea hasta la entrega del producto final.Dise\u00f1o: Desarrollamos el producto contigo poniendo a trabajar nuestro know-how para asesorarte en su dise\u00f1o, fabricabilidad, materiales y procesos. Definimos la geometr\u00eda de la pieza para optimizar el proceso de fabricaci\u00f3n, reducir costes [&hellip;]<\/p>\n","protected":false},"author":2,"featured_media":0,"parent":0,"menu_order":0,"comment_status":"closed","ping_status":"closed","template":"","meta":{"_et_pb_use_builder":"on","_et_pb_old_content":"","_et_gb_content_width":"1080","footnotes":""},"class_list":["post-101082","page","type-page","status-publish","hentry"],"_links":{"self":[{"href":"https:\/\/grupoplastiberica.com\/index.php\/wp-json\/wp\/v2\/pages\/101082","targetHints":{"allow":["GET"]}}],"collection":[{"href":"https:\/\/grupoplastiberica.com\/index.php\/wp-json\/wp\/v2\/pages"}],"about":[{"href":"https:\/\/grupoplastiberica.com\/index.php\/wp-json\/wp\/v2\/types\/page"}],"author":[{"embeddable":true,"href":"https:\/\/grupoplastiberica.com\/index.php\/wp-json\/wp\/v2\/users\/2"}],"replies":[{"embeddable":true,"href":"https:\/\/grupoplastiberica.com\/index.php\/wp-json\/wp\/v2\/comments?post=101082"}],"version-history":[{"count":9,"href":"https:\/\/grupoplastiberica.com\/index.php\/wp-json\/wp\/v2\/pages\/101082\/revisions"}],"predecessor-version":[{"id":101782,"href":"https:\/\/grupoplastiberica.com\/index.php\/wp-json\/wp\/v2\/pages\/101082\/revisions\/101782"}],"wp:attachment":[{"href":"https:\/\/grupoplastiberica.com\/index.php\/wp-json\/wp\/v2\/media?parent=101082"}],"curies":[{"name":"wp","href":"https:\/\/api.w.org\/{rel}","templated":true}]}}