{"id":101094,"date":"2023-04-18T07:30:49","date_gmt":"2023-04-18T07:30:49","guid":{"rendered":"https:\/\/luiseduardol.sg-host.com\/?page_id=101094"},"modified":"2023-11-23T09:43:32","modified_gmt":"2023-11-23T09:43:32","slug":"contacto","status":"publish","type":"page","link":"https:\/\/grupoplastiberica.com\/index.php\/contacto\/","title":{"rendered":"Contacto"},"content":{"rendered":"<p>[et_pb_section fb_built=\u00bb1&#8243; _builder_version=\u00bb4.21.0&#8243; use_background_color_gradient=\u00bbon\u00bb background_color_gradient_direction=\u00bb45deg\u00bb background_color_gradient_stops=\u00bbrgba(29,38,0,0.85) 0%|rgba(29,38,0,0) 100%\u00bb background_color_gradient_overlays_image=\u00bbon\u00bb background_color_gradient_start=\u00bbrgba(29,38,0,0.85)\u00bb background_color_gradient_end=\u00bbrgba(29,38,0,0)\u00bb background_image=\u00bbhttp:\/\/luiseduardol.sg-host.com\/wp-content\/uploads\/tablet-gbefcad7ba_1280.jpg\u00bb custom_padding=\u00bb3vw|0px|3vw|0px|true|false\u00bb global_colors_info=\u00bb{}\u00bb][et_pb_row column_structure=\u00bb1_2,1_2&#8243; _builder_version=\u00bb4.21.0&#8243; max_width=\u00bb1500px\u00bb custom_margin=\u00bb|||\u00bb custom_padding=\u00bb||||false|false\u00bb global_colors_info=\u00bb{}\u00bb][et_pb_column type=\u00bb1_2&#8243; _builder_version=\u00bb4.16&#8243; custom_padding=\u00bb|||\u00bb global_colors_info=\u00bb{}\u00bb custom_padding__hover=\u00bb|||\u00bb][et_pb_text _builder_version=\u00bb4.21.0&#8243; text_font=\u00bb||||||||\u00bb header_font=\u00bbJosefin Sans|700|||||||\u00bb header_font_size=\u00bb80px\u00bb header_line_height=\u00bb1.4em\u00bb header_2_font=\u00bbJosefin Sans||||||||\u00bb header_2_text_color=\u00bbrgba(255,255,255,0.6)\u00bb header_2_font_size=\u00bb32px\u00bb header_2_line_height=\u00bb1.4em\u00bb background_layout=\u00bbdark\u00bb custom_margin=\u00bb150px||||false|false\u00bb custom_margin_tablet=\u00bb10px||||false|false\u00bb custom_margin_phone=\u00bb0px||||false|false\u00bb custom_margin_last_edited=\u00bbon|desktop\u00bb animation_style=\u00bbslide\u00bb animation_direction=\u00bbright\u00bb animation_intensity_slide=\u00bb4%\u00bb hover_enabled=\u00bb0&#8243; header_font_size_tablet=\u00bb50px\u00bb header_font_size_phone=\u00bb32px\u00bb header_font_size_last_edited=\u00bbon|desktop\u00bb header_2_font_size_tablet=\u00bb\u00bb header_2_font_size_phone=\u00bb24px\u00bb header_2_font_size_last_edited=\u00bbon|phone\u00bb global_colors_info=\u00bb{}\u00bb sticky_enabled=\u00bb0&#8243;]<\/p>\n<h1 style=\"text-align: center;\">Cont\u00e1ctenos<\/h1>\n<h3 style=\"text-align: center;\"><span>\u00bfTienes un proyecto? Nos encantar\u00eda ayudarte<\/span><\/h3>\n<p>[\/et_pb_text][\/et_pb_column][et_pb_column type=\u00bb1_2&#8243; _builder_version=\u00bb4.16&#8243; custom_padding=\u00bb|||\u00bb global_colors_info=\u00bb{}\u00bb custom_padding__hover=\u00bb|||\u00bb][et_pb_image src=\u00bbhttps:\/\/grupoplastiberica.com\/wp-content\/uploads\/2023\/11\/Imagen-pagina-web-publicidad-fondos-FEDER2.jpg\u00bb title_text=\u00bbImagen p\u00e1gina web publicidad fondos FEDER2&#8243; _builder_version=\u00bb4.21.0&#8243; _module_preset=\u00bbdefault\u00bb hover_enabled=\u00bb0&#8243; global_colors_info=\u00bb{}\u00bb sticky_enabled=\u00bb0&#8243;][\/et_pb_image][\/et_pb_column][\/et_pb_row][et_pb_row column_structure=\u00bb3_4,1_4&#8243; _builder_version=\u00bb4.16&#8243; custom_margin=\u00bb50px|||\u00bb locked=\u00bboff\u00bb global_colors_info=\u00bb{}\u00bb][et_pb_column type=\u00bb3_4&#8243; _builder_version=\u00bb4.16&#8243; custom_padding=\u00bb|||\u00bb global_colors_info=\u00bb{}\u00bb custom_padding__hover=\u00bb|||\u00bb][et_pb_contact_form email=\u00bbeduardo.lucea@gmail.com\u00bb custom_message=\u00bbMensaje enviado desde Formulario Contacto||et_pb_line_break_holder||||et_pb_line_break_holder||Nombre: %%Nombre%%||et_pb_line_break_holder||Email: %%Email%%||et_pb_line_break_holder||Tel\u00e9fono: %%Telefono%%||et_pb_line_break_holder||Asunto: %%Asunto%%||et_pb_line_break_holder||Mensaje: ||et_pb_line_break_holder||%%Mensaje%%\u00bb success_message=\u00bbGracias por contactar con nosotros\u00bb module_id=\u00bbet_pb_contact_form_0&#8243; _builder_version=\u00bb4.21.0&#8243; _unique_id=\u00bb82b0e937-1d9e-4258-8535-d3710cadedbc\u00bb form_field_text_color=\u00bb#93999b\u00bb captcha_font=\u00bb|600|||||||\u00bb captcha_text_color=\u00bb#FFFFFF\u00bb captcha_font_size=\u00bb16px\u00bb captcha_letter_spacing=\u00bb2px\u00bb form_field_font=\u00bbOpen Sans||||||||\u00bb form_field_font_size=\u00bb15px\u00bb custom_button=\u00bbon\u00bb button_text_size=\u00bb24px\u00bb button_text_color=\u00bbrgba(255,255,255,0.9)\u00bb button_bg_color=\u00bb#a0ce4e\u00bb button_border_width=\u00bb0px\u00bb button_border_color=\u00bbrgba(224,43,32,0.11)\u00bb button_border_radius=\u00bb0px\u00bb button_letter_spacing=\u00bb0px\u00bb button_font=\u00bbJosefin Sans|700|||||||\u00bb text_orientation=\u00bbleft\u00bb button_text_size_phone=\u00bb20px\u00bb button_text_size_last_edited=\u00bboff|desktop\u00bb global_colors_info=\u00bb{}\u00bb][et_pb_contact_field field_id=\u00bbNombre\u00bb field_title=\u00bbNombre *\u00bb _builder_version=\u00bb4.16&#8243; global_colors_info=\u00bb{}\u00bb button_text_size__hover_enabled=\u00bboff\u00bb button_one_text_size__hover_enabled=\u00bboff\u00bb button_two_text_size__hover_enabled=\u00bboff\u00bb button_text_color__hover_enabled=\u00bboff\u00bb button_one_text_color__hover_enabled=\u00bboff\u00bb button_two_text_color__hover_enabled=\u00bboff\u00bb button_border_width__hover_enabled=\u00bboff\u00bb button_one_border_width__hover_enabled=\u00bboff\u00bb button_two_border_width__hover_enabled=\u00bboff\u00bb button_border_color__hover_enabled=\u00bboff\u00bb button_one_border_color__hover_enabled=\u00bboff\u00bb button_two_border_color__hover_enabled=\u00bboff\u00bb button_border_radius__hover_enabled=\u00bboff\u00bb button_one_border_radius__hover_enabled=\u00bboff\u00bb button_two_border_radius__hover_enabled=\u00bboff\u00bb button_letter_spacing__hover_enabled=\u00bboff\u00bb button_one_letter_spacing__hover_enabled=\u00bboff\u00bb button_two_letter_spacing__hover_enabled=\u00bboff\u00bb button_bg_color__hover_enabled=\u00bboff\u00bb button_one_bg_color__hover_enabled=\u00bboff\u00bb button_two_bg_color__hover_enabled=\u00bboff\u00bb][\/et_pb_contact_field][et_pb_contact_field field_id=\u00bbEmail\u00bb field_title=\u00bbEmail *\u00bb field_type=\u00bbemail\u00bb _builder_version=\u00bb4.16&#8243; global_colors_info=\u00bb{}\u00bb button_text_size__hover_enabled=\u00bboff\u00bb button_one_text_size__hover_enabled=\u00bboff\u00bb button_two_text_size__hover_enabled=\u00bboff\u00bb button_text_color__hover_enabled=\u00bboff\u00bb button_one_text_color__hover_enabled=\u00bboff\u00bb button_two_text_color__hover_enabled=\u00bboff\u00bb button_border_width__hover_enabled=\u00bboff\u00bb button_one_border_width__hover_enabled=\u00bboff\u00bb button_two_border_width__hover_enabled=\u00bboff\u00bb button_border_color__hover_enabled=\u00bboff\u00bb button_one_border_color__hover_enabled=\u00bboff\u00bb button_two_border_color__hover_enabled=\u00bboff\u00bb button_border_radius__hover_enabled=\u00bboff\u00bb button_one_border_radius__hover_enabled=\u00bboff\u00bb button_two_border_radius__hover_enabled=\u00bboff\u00bb button_letter_spacing__hover_enabled=\u00bboff\u00bb button_one_letter_spacing__hover_enabled=\u00bboff\u00bb button_two_letter_spacing__hover_enabled=\u00bboff\u00bb button_bg_color__hover_enabled=\u00bboff\u00bb button_one_bg_color__hover_enabled=\u00bboff\u00bb button_two_bg_color__hover_enabled=\u00bboff\u00bb][\/et_pb_contact_field][et_pb_contact_field field_id=\u00bbTelefono\u00bb field_title=\u00bbTel\u00e9fono *\u00bb allowed_symbols=\u00bbnumbers\u00bb _builder_version=\u00bb4.16&#8243; global_colors_info=\u00bb{}\u00bb button_text_size__hover_enabled=\u00bboff\u00bb button_one_text_size__hover_enabled=\u00bboff\u00bb button_two_text_size__hover_enabled=\u00bboff\u00bb button_text_color__hover_enabled=\u00bboff\u00bb button_one_text_color__hover_enabled=\u00bboff\u00bb button_two_text_color__hover_enabled=\u00bboff\u00bb button_border_width__hover_enabled=\u00bboff\u00bb button_one_border_width__hover_enabled=\u00bboff\u00bb button_two_border_width__hover_enabled=\u00bboff\u00bb button_border_color__hover_enabled=\u00bboff\u00bb button_one_border_color__hover_enabled=\u00bboff\u00bb button_two_border_color__hover_enabled=\u00bboff\u00bb button_border_radius__hover_enabled=\u00bboff\u00bb button_one_border_radius__hover_enabled=\u00bboff\u00bb button_two_border_radius__hover_enabled=\u00bboff\u00bb button_letter_spacing__hover_enabled=\u00bboff\u00bb button_one_letter_spacing__hover_enabled=\u00bboff\u00bb button_two_letter_spacing__hover_enabled=\u00bboff\u00bb button_bg_color__hover_enabled=\u00bboff\u00bb button_one_bg_color__hover_enabled=\u00bboff\u00bb button_two_bg_color__hover_enabled=\u00bboff\u00bb][\/et_pb_contact_field][et_pb_contact_field field_id=\u00bbAsunto\u00bb field_title=\u00bbAsunto *\u00bb _builder_version=\u00bb4.16&#8243; global_colors_info=\u00bb{}\u00bb button_text_size__hover_enabled=\u00bboff\u00bb button_one_text_size__hover_enabled=\u00bboff\u00bb button_two_text_size__hover_enabled=\u00bboff\u00bb button_text_color__hover_enabled=\u00bboff\u00bb button_one_text_color__hover_enabled=\u00bboff\u00bb button_two_text_color__hover_enabled=\u00bboff\u00bb button_border_width__hover_enabled=\u00bboff\u00bb button_one_border_width__hover_enabled=\u00bboff\u00bb button_two_border_width__hover_enabled=\u00bboff\u00bb button_border_color__hover_enabled=\u00bboff\u00bb button_one_border_color__hover_enabled=\u00bboff\u00bb button_two_border_color__hover_enabled=\u00bboff\u00bb button_border_radius__hover_enabled=\u00bboff\u00bb button_one_border_radius__hover_enabled=\u00bboff\u00bb button_two_border_radius__hover_enabled=\u00bboff\u00bb button_letter_spacing__hover_enabled=\u00bboff\u00bb button_one_letter_spacing__hover_enabled=\u00bboff\u00bb button_two_letter_spacing__hover_enabled=\u00bboff\u00bb button_bg_color__hover_enabled=\u00bboff\u00bb button_one_bg_color__hover_enabled=\u00bboff\u00bb button_two_bg_color__hover_enabled=\u00bboff\u00bb][\/et_pb_contact_field][et_pb_contact_field field_id=\u00bbMensaje\u00bb field_title=\u00bbMensaje\u00bb field_type=\u00bbtext\u00bb required_mark=\u00bboff\u00bb fullwidth_field=\u00bbon\u00bb _builder_version=\u00bb4.16&#8243; global_colors_info=\u00bb{}\u00bb button_text_size__hover_enabled=\u00bboff\u00bb button_one_text_size__hover_enabled=\u00bboff\u00bb button_two_text_size__hover_enabled=\u00bboff\u00bb button_text_color__hover_enabled=\u00bboff\u00bb button_one_text_color__hover_enabled=\u00bboff\u00bb button_two_text_color__hover_enabled=\u00bboff\u00bb button_border_width__hover_enabled=\u00bboff\u00bb button_one_border_width__hover_enabled=\u00bboff\u00bb button_two_border_width__hover_enabled=\u00bboff\u00bb button_border_color__hover_enabled=\u00bboff\u00bb button_one_border_color__hover_enabled=\u00bboff\u00bb button_two_border_color__hover_enabled=\u00bboff\u00bb button_border_radius__hover_enabled=\u00bboff\u00bb button_one_border_radius__hover_enabled=\u00bboff\u00bb button_two_border_radius__hover_enabled=\u00bboff\u00bb button_letter_spacing__hover_enabled=\u00bboff\u00bb button_one_letter_spacing__hover_enabled=\u00bboff\u00bb button_two_letter_spacing__hover_enabled=\u00bboff\u00bb button_bg_color__hover_enabled=\u00bboff\u00bb button_one_bg_color__hover_enabled=\u00bboff\u00bb button_two_bg_color__hover_enabled=\u00bboff\u00bb][\/et_pb_contact_field][et_pb_contact_field field_id=\u00bbField_6&#8243; field_title=\u00bb \u00bb field_type=\u00bbcheckbox\u00bb checkbox_options=\u00bb%91{%22value%22:%22Acepto la pol\u00edtica de privacidad%22,%22checked%22:0,%22dragID%22:-1}%93&#8243; fullwidth_field=\u00bbon\u00bb _builder_version=\u00bb4.16&#8243; _module_preset=\u00bbdefault\u00bb global_colors_info=\u00bb{}\u00bb][\/et_pb_contact_field][\/et_pb_contact_form][et_pb_text _builder_version=\u00bb4.21.0&#8243; _module_preset=\u00bbdefault\u00bb text_text_color=\u00bb#FFFFFF\u00bb global_colors_info=\u00bb{}\u00bb]<\/p>\n<div class=\"crayon-line crayon-striped-line\" id=\"crayon-5c985365bb349258959309-2\">Al<span class=\"crayon-h\"> <\/span>enviar<span class=\"crayon-h\"> <\/span>un<span class=\"crayon-h\"> <\/span>formulario<span class=\"crayon-h\"> <\/span>debes<span class=\"crayon-h\"> <\/span>aceptar<span class=\"crayon-h\"> <\/span>nuestra<span class=\"crayon-h\"> <\/span>pol\u00edtica<span class=\"crayon-h\"> <\/span>de<span class=\"crayon-h\"> <\/span>privacidad<span class=\"crayon-sy\">.<\/span><\/div>\n<ul>\n<li class=\"crayon-line\" id=\"crayon-5c985365bb349258959309-3\"><strong>Responsabledelosdatos<span class=\"crayon-sy\">: <\/span><\/strong><span class=\"crayon-sy\">Grupo <\/span><span class=\"crayon-sy\">Plastiberica\u00a0<\/span><\/li>\n<li class=\"crayon-line crayon-striped-line\" id=\"crayon-5c985365bb349258959309-4\"><strong>Finalidad<span class=\"crayon-sy\">:<\/span><\/strong>\u00a0Responder<span class=\"crayon-h\"> <\/span>a<span class=\"crayon-h\"> <\/span>solicitudes<span class=\"crayon-h\"> <\/span>del<span class=\"crayon-h\"> <\/span>formulario<span class=\"crayon-sy\">.<\/span><\/li>\n<li class=\"crayon-line\" id=\"crayon-5c985365bb349258959309-5\"><strong>Legitimaci\u00f3n<span class=\"crayon-sy\">:<\/span><\/strong>\u00a0Tu<span class=\"crayon-h\"> <\/span>consentimiento<span class=\"crayon-h\"> <\/span>expreso<span class=\"crayon-sy\">.<\/span><\/li>\n<li class=\"crayon-line crayon-striped-line\" id=\"crayon-5c985365bb349258959309-6\"><strong>Destinatario<span class=\"crayon-sy\">:<\/span><\/strong>\u00a0Tu<span class=\"crayon-h\"> <\/span>nombre<span class=\"crayon-h\"> <\/span><span class=\"crayon-sy\">(<\/span>datos<span class=\"crayon-h\"> <\/span>almacenados<span class=\"crayon-h\"> <\/span>s\u00f3lo<span class=\"crayon-h\"> <\/span>en<span class=\"crayon-h\"> <\/span>cliente<span class=\"crayon-h\"> <\/span>de<span class=\"crayon-h\"> <\/span>email<span class=\"crayon-sy\">)<\/span><span class=\"crayon-sy\">.<\/span><\/li>\n<li class=\"crayon-line\" id=\"crayon-5c985365bb349258959309-7\"><strong>Derechos<span class=\"crayon-sy\">:<\/span><\/strong>\u00a0Tienes<span class=\"crayon-h\"> <\/span>derecho<span class=\"crayon-h\"> <\/span>al<span class=\"crayon-h\"> <\/span>acceso<span class=\"crayon-sy\">,<\/span><span class=\"crayon-h\"> <\/span>rectificaci\u00f3n<span class=\"crayon-sy\">,<\/span><span class=\"crayon-h\"> <\/span>supresi\u00f3n<span class=\"crayon-sy\">,<\/span><span class=\"crayon-h\"> <\/span>limitaci\u00f3n<span class=\"crayon-sy\">,<\/span><span class=\"crayon-h\"> <\/span>portabilidad<span class=\"crayon-h\"> <\/span>y<span class=\"crayon-h\"> <\/span>olvido<span class=\"crayon-h\"> <\/span>de<span class=\"crayon-h\"> <\/span>sus<span class=\"crayon-h\"> <\/span>datos<span class=\"crayon-sy\">.<\/span><\/li>\n<\/ul>\n<p>[\/et_pb_text][\/et_pb_column][et_pb_column type=\u00bb1_4&#8243; _builder_version=\u00bb4.16&#8243; custom_padding=\u00bb|||\u00bb global_colors_info=\u00bb{}\u00bb custom_padding__hover=\u00bb|||\u00bb][et_pb_text _builder_version=\u00bb4.21.0&#8243; text_font=\u00bbOpen Sans||||||||\u00bb text_font_size=\u00bb18px\u00bb link_font=\u00bb||||on||||\u00bb link_text_color=\u00bb#bdad9b\u00bb header_font=\u00bb||||||||\u00bb header_3_font=\u00bbJosefin Sans|600|||||||\u00bb header_3_font_size=\u00bb24px\u00bb header_4_font=\u00bb||||||||\u00bb header_5_font=\u00bb||||||||\u00bb header_6_font=\u00bb||||||||\u00bb background_layout=\u00bbdark\u00bb custom_margin=\u00bb||40px|\u00bb locked=\u00bboff\u00bb global_colors_info=\u00bb{}\u00bb]<\/p>\n<h3>Central<\/h3>\n<p><span>Pol. Industrial El Aguila, nave 79.<\/span><br \/><span>C\/ Miguel Servet.<\/span><br \/><span>50180, UTEBO (ZARAGOZA) ESPA\u00d1A.<\/span><\/p>\n<p>[\/et_pb_text][et_pb_text admin_label=\u00bbText\u00bb _builder_version=\u00bb4.16&#8243; text_font=\u00bbOpen Sans||||||||\u00bb text_font_size=\u00bb18px\u00bb link_font=\u00bb||||on||||\u00bb link_text_color=\u00bb#bdad9b\u00bb header_font=\u00bbJosefin Sans|600|||||||\u00bb header_text_color=\u00bb#f47a55&#8243; header_font_size=\u00bb24px\u00bb header_2_font=\u00bbJosefin Sans|600|||||||\u00bb header_2_text_color=\u00bb#f47a55&#8243; header_2_font_size=\u00bb24px\u00bb header_3_font=\u00bbJosefin Sans|600|||||||\u00bb header_3_font_size=\u00bb24px\u00bb header_4_font=\u00bbJosefin Sans|600|||||||\u00bb header_4_text_color=\u00bb#f47a55&#8243; header_4_font_size=\u00bb24px\u00bb header_5_font=\u00bbJosefin Sans|600|||||||\u00bb header_5_text_color=\u00bb#f47a55&#8243; header_5_font_size=\u00bb24px\u00bb header_6_font=\u00bbJosefin Sans|600|||||||\u00bb header_6_text_color=\u00bb#f47a55&#8243; header_6_font_size=\u00bb24px\u00bb background_layout=\u00bbdark\u00bb custom_margin=\u00bb||40px|\u00bb locked=\u00bboff\u00bb global_colors_info=\u00bb{}\u00bb]<\/p>\n<h3>Tel\u00e9fono<\/h3>\n<p>(+34) 976 77 41 05<br \/>\n(+34) 661 956 800[\/et_pb_text][\/et_pb_column][\/et_pb_row][\/et_pb_section][et_pb_section fb_built=\u00bb1&#8243; admin_label=\u00bbAbout\u00bb _builder_version=\u00bb4.16&#8243; background_image=\u00bbhttp:\/\/luiseduardol.sg-host.com\/wp-content\/uploads\/gardener-03.png\u00bb background_size=\u00bbinitial\u00bb background_position=\u00bbtop_left\u00bb global_colors_info=\u00bb{}\u00bb][\/et_pb_section][et_pb_section fb_built=\u00bb1&#8243; custom_padding_last_edited=\u00bboff|desktop\u00bb admin_label=\u00bbServices\u00bb _builder_version=\u00bb4.16&#8243; custom_padding=\u00bb10px||22px|||\u00bb global_colors_info=\u00bb{}\u00bb][et_pb_row _builder_version=\u00bb4.16&#8243; _module_preset=\u00bbdefault\u00bb width=\u00bb100%\u00bb max_width=\u00bb2560px\u00bb global_colors_info=\u00bb{}\u00bb][et_pb_column type=\u00bb4_4&#8243; _builder_version=\u00bb4.16&#8243; _module_preset=\u00bbdefault\u00bb global_colors_info=\u00bb{}\u00bb][et_pb_code _builder_version=\u00bb4.16&#8243; _module_preset=\u00bbdefault\u00bb global_colors_info=\u00bb{}\u00bb]<iframe src=\"https:\/\/www.google.com\/maps\/embed?pb=!1m18!1m12!1m3!1d2978.4908696202274!2d-1.0111033234683187!3d41.709925475926255!2m3!1f0!2f0!3f0!3m2!1i1024!2i768!4f13.1!3m3!1m2!1s0xd596ef0e3f57e39%3A0x473ec4af94348f2b!2sPlastiberica!5e0!3m2!1ses!2ses!4v1681798570225!5m2!1ses!2ses\" width=100% height=\"450\" style=\"border:0;\" allowfullscreen=\"\" loading=\"lazy\"><\/iframe>[\/et_pb_code][\/et_pb_column][\/et_pb_row][\/et_pb_section][et_pb_section fb_built=\u00bb1&#8243; admin_label=\u00bbFooter\u00bb _builder_version=\u00bb4.16&#8243; global_colors_info=\u00bb{}\u00bb][et_pb_row column_structure=\u00bb1_3,1_3,1_3&#8243; _builder_version=\u00bb4.16&#8243; custom_padding=\u00bb|||\u00bb global_colors_info=\u00bb{}\u00bb][et_pb_column type=\u00bb1_3&#8243; _builder_version=\u00bb4.16&#8243; custom_padding=\u00bb|||\u00bb global_colors_info=\u00bb{}\u00bb custom_padding__hover=\u00bb|||\u00bb][et_pb_blurb use_icon=\u00bbon\u00bb font_icon=\u00bb&#xe074;||divi||400&#8243; icon_color=\u00bb#a0ce4e\u00bb image_icon_width=\u00bb32px\u00bb _builder_version=\u00bb4.21.0&#8243; header_font=\u00bbJosefin Sans|700||on|||||\u00bb header_text_align=\u00bbcenter\u00bb body_font=\u00bbOpen Sans||||||||\u00bb body_text_align=\u00bbcenter\u00bb body_font_size=\u00bb18px\u00bb icon_font_size=\u00bb32px\u00bb global_colors_info=\u00bb{}\u00bb]<\/p>\n<p><span>Pol. Industrial El Aguila, nave 79.<br \/>C\/ Miguel Servet.<br \/>50180, UTEBO (ZARAGOZA) ESPA\u00d1A.<\/span><\/p>\n<p>[\/et_pb_blurb][\/et_pb_column][et_pb_column type=\u00bb1_3&#8243; _builder_version=\u00bb4.16&#8243; custom_padding=\u00bb|||\u00bb global_colors_info=\u00bb{}\u00bb custom_padding__hover=\u00bb|||\u00bb][et_pb_blurb use_icon=\u00bbon\u00bb font_icon=\u00bb&#xe090;||divi||400&#8243; icon_color=\u00bb#a0ce4e\u00bb image_icon_width=\u00bb32px\u00bb _builder_version=\u00bb4.21.0&#8243; header_font=\u00bbJosefin Sans|700||on|||||\u00bb header_text_align=\u00bbcenter\u00bb body_font=\u00bbOpen Sans||||||||\u00bb body_text_align=\u00bbcenter\u00bb body_font_size=\u00bb18px\u00bb icon_font_size=\u00bb32px\u00bb global_colors_info=\u00bb{}\u00bb]<\/p>\n<p>(+34) 976 77 41 05<br \/>(+34) 661 956 800<\/p>\n<p>[\/et_pb_blurb][\/et_pb_column][et_pb_column type=\u00bb1_3&#8243; _builder_version=\u00bb4.16&#8243; custom_padding=\u00bb|||\u00bb global_colors_info=\u00bb{}\u00bb custom_padding__hover=\u00bb|||\u00bb][et_pb_blurb use_icon=\u00bbon\u00bb font_icon=\u00bb&#xe076;||divi||400&#8243; icon_color=\u00bb#a0ce4e\u00bb image_icon_width=\u00bb32px\u00bb _builder_version=\u00bb4.16&#8243; header_font=\u00bbJosefin Sans|700||on|||||\u00bb header_text_align=\u00bbcenter\u00bb body_font=\u00bbOpen Sans||||||||\u00bb body_text_align=\u00bbcenter\u00bb body_font_size=\u00bb18px\u00bb icon_font_size=\u00bb32px\u00bb global_colors_info=\u00bb{}\u00bb]<\/p>\n<p><span>info@grupoplastiberica.com<\/span><\/p>\n<p>[\/et_pb_blurb][\/et_pb_column][\/et_pb_row][\/et_pb_section]<\/p>\n","protected":false},"excerpt":{"rendered":"<p>Cont\u00e1ctenos \u00bfTienes un proyecto? Nos encantar\u00eda ayudarteAl enviar un formulario debes aceptar nuestra pol\u00edtica de privacidad. Responsabledelosdatos: Grupo Plastiberica\u00a0 Finalidad:\u00a0Responder a solicitudes del formulario. Legitimaci\u00f3n:\u00a0Tu consentimiento expreso. Destinatario:\u00a0Tu nombre (datos almacenados s\u00f3lo en cliente de email). Derechos:\u00a0Tienes derecho al acceso, rectificaci\u00f3n, supresi\u00f3n, limitaci\u00f3n, portabilidad y olvido de sus datos. Central Pol. Industrial El Aguila, nave [&hellip;]<\/p>\n","protected":false},"author":2,"featured_media":0,"parent":0,"menu_order":0,"comment_status":"closed","ping_status":"closed","template":"","meta":{"_et_pb_use_builder":"on","_et_pb_old_content":"","_et_gb_content_width":"","footnotes":""},"class_list":["post-101094","page","type-page","status-publish","hentry"],"_links":{"self":[{"href":"https:\/\/grupoplastiberica.com\/index.php\/wp-json\/wp\/v2\/pages\/101094","targetHints":{"allow":["GET"]}}],"collection":[{"href":"https:\/\/grupoplastiberica.com\/index.php\/wp-json\/wp\/v2\/pages"}],"about":[{"href":"https:\/\/grupoplastiberica.com\/index.php\/wp-json\/wp\/v2\/types\/page"}],"author":[{"embeddable":true,"href":"https:\/\/grupoplastiberica.com\/index.php\/wp-json\/wp\/v2\/users\/2"}],"replies":[{"embeddable":true,"href":"https:\/\/grupoplastiberica.com\/index.php\/wp-json\/wp\/v2\/comments?post=101094"}],"version-history":[{"count":21,"href":"https:\/\/grupoplastiberica.com\/index.php\/wp-json\/wp\/v2\/pages\/101094\/revisions"}],"predecessor-version":[{"id":102268,"href":"https:\/\/grupoplastiberica.com\/index.php\/wp-json\/wp\/v2\/pages\/101094\/revisions\/102268"}],"wp:attachment":[{"href":"https:\/\/grupoplastiberica.com\/index.php\/wp-json\/wp\/v2\/media?parent=101094"}],"curies":[{"name":"wp","href":"https:\/\/api.w.org\/{rel}","templated":true}]}}