{"id":102249,"date":"2023-07-14T04:27:58","date_gmt":"2023-07-14T04:27:58","guid":{"rendered":"https:\/\/grupoplastiberica.com\/?page_id=102249"},"modified":"2023-07-14T04:28:33","modified_gmt":"2023-07-14T04:28:33","slug":"politica-de-privacidad","status":"publish","type":"page","link":"https:\/\/grupoplastiberica.com\/index.php\/politica-de-privacidad\/","title":{"rendered":"Pol\u00edtica de privacidad"},"content":{"rendered":"\n<h2 class=\"wp-block-heading\">PROTECCI\u00d3N DE DATOS PERSONALES<\/h2>\n\n\n\n<p>Informaci\u00f3n al usuario de la existencia de fichero y solicitud del consentimiento para el tratamiento automatizado de los datos\nEn relaci\u00f3n con los datos de car\u00e1cter personal facilitados por el USUARIO en los formularios que puedan existir en el sitio web de PLASTICOS DE LA PENINSULA IBERICA, S.L. en adelante GRUPO PLASTIBERICA, www.grupoplastiberica.com informa que se cumple estrictamente la normativa vigente establecida en la Ley 15\/1999 de Protecci\u00f3n de datos de car\u00e1cter personal y dem\u00e1s legislaci\u00f3n que la desarrolla e informa al USUARIO que los referidos datos ser\u00e1n incluidos dentro de un fichero para su tratamiento automatizado prestando el USUARIO consentimiento mediante la aceptaci\u00f3n de estas condiciones generales a dicho tratamiento.<\/p>\n\n\n\n<h2 class=\"wp-block-heading\">Finalidad de los datos<\/h2>\n\n\n\n<p>GRUPO PLASTIBERICA recoge determinados datos personales que son introducidos por el USUARIO libremente en los formularios de inscripci\u00f3n y el de consultas de informaci\u00f3n que puedan existir en el sitio web. GRUPO PLASTIBERICA informa que gestionar\u00e1 automatizadamente estos datos para gestionar las solicitudes de servicios que realicen sus clientes y las consultas de informaci\u00f3n que se realicen. Asimismo gestionar\u00e1 estos datos para el env\u00edo peri\u00f3dico de ofertas y de informaci\u00f3n comercial a estos usuarios. En todo caso, los datos recogidos y tratados por GRUPO PLASTIBERICA son \u00fanicamente los b\u00e1sicos para las finalidades se\u00f1aladas anteriormente.<\/p>\n\n\n\n<h2 class=\"wp-block-heading\">Obligatoriedad de la introducci\u00f3n de los datos<\/h2>\n\n\n\n<p>Los campos en los que figure un asterisco* en los formularios existentes son aquellos que requieren una respuesta obligatoria y de no ser cubiertos la consecuencia ser\u00eda imposibilidad de registrarse o de realizar la solicitud concreta.<\/p>\n\n\n\n<h2 class=\"wp-block-heading\">Derechos de acceso, rectificaci\u00f3n, cancelaci\u00f3n y oposici\u00f3n<\/h2>\n\n\n\n<p>El USUARIO que introduzca sus datos personales en los formularios tendr\u00e1 pleno derecho a ejercitar sus derechos de acceso, rectificaci\u00f3n, cancelaci\u00f3n y oposici\u00f3n en cualquier momento solicit\u00e1ndolo a info@grupoplastiberica.com o por correo postal a GRUPO PLASTIBERICA con domicilio en P. I. El Aguila nave 79, 50180 Utebo (Zaragoza, ESPA\u00d1A) incluyendo en ambos casos copia de NIF del titular de los datos. GRUPO PLASTIBERICA reitera que se compromete al respeto y confidencialidad absoluta en la recogida y tratamiento de los datos personales de tal forma que el USUARIO pueda saber en todo momento qu\u00e9 datos est\u00e1n en poder de GRUPO PLASTIBERICA y como est\u00e1n siendo utilizados a trav\u00e9s de un env\u00edo de correo electr\u00f3nico a info@jfactory.es o solicit\u00e1ndolo a la direcci\u00f3n se\u00f1alada anteriormente e incluyendo siempre copia de NIF del titular de los datos.<\/p>\n\n\n\n<h2 class=\"wp-block-heading\">Responsable del tratamiento<\/h2>\n\n\n\n<p>El responsable del tratamiento de los datos es GRUPO PLASTIBERICA con domicilio en P. I. El Aguila nave 79, 50180 Utebo (Zaragoza, ESPA\u00d1A).<\/p>\n\n\n\n<h2 class=\"wp-block-heading\">Cesi\u00f3n de datos<\/h2>\n\n\n\n<p>Los datos no son cedidos a terceros. GRUPO PLASTIBERICA informa al USUARIO, que mediante la adhesi\u00f3n a las presentes condiciones generales presta su consentimiento a la comunicaci\u00f3n necesaria de sus datos para poder gestionar la solicitud de los servicios que se soliciten, comunicaci\u00f3n ligada con la finalidad misma para la que los datos fueron introducidos y por tanto relacionada con la libre y leg\u00edtima aceptaci\u00f3n de la relaci\u00f3n jur\u00eddica existente entre el USUARIO y GRUPO PLASTIBERICA, cuyo desarrollo, cumplimiento y control implican necesariamente la conexi\u00f3n de los datos y que incluye la transmisi\u00f3n que necesaria de los mismos, el USUARIO presta su consentimiento sin reservas. En todo caso, el USUARIO podr\u00e1 revocar el consentimiento en cualquier momento solicit\u00e1ndolo a info@grupoplastiberica.com pudiendo en determinados casos de revocaci\u00f3n de esta comunicaci\u00f3n suponer la imposibilidad de formalizar el pedido de lo que ser\u00e1 informado debidamente el USUARIO.<\/p>\n\n\n\n<h2 class=\"wp-block-heading\">Seguridad<\/h2>\n\n\n\n<p>GRUPO PLASTIBERICA asegura la absoluta confidencialidad y privacidad de los datos personales recogidos y por ello se han adoptado medidas esenciales de seguridad para evitar la alteraci\u00f3n, p\u00e9rdida, tratamiento o acceso no autorizado y garantizar as\u00ed su integridad y seguridad. GRUPO PLASTIBERICA no ser\u00e1 responsable en ning\u00fan caso de las incidencias que puedan surgir en torno a los datos personales cuando se deriven bien de un ataque o acceso no autorizado a los sistemas de tal forma que sea imposible de detectar por las medidas de seguridad implantadas o bien cuando se deba a una falta de diligencia del USUARIO en cuanto a la guardia y custodia de sus claves de acceso o de sus propios datos personales.<\/p>\n\n\n\n<h2 class=\"wp-block-heading\">Utilizaci\u00f3n de cookies<\/h2>\n\n\n\n<p>GRUPO PLASTIBERICA utiliza cookies para obtener informaci\u00f3n y realizar an\u00e1lisis estad\u00edsticos sobre el uso del sitio www.grupoplastiberica.com -que siempre se puede tambi\u00e9n consultar y utilizar de forma an\u00f3nima- y para permitir el funcionamiento de algunos servicios. Las cookies que utiliza GRUPO PLASTIBERICA son an\u00f3nimas y no se refieren a los datos personales del USUARIO ni se puede acceder mediante las mismas en ning\u00fan caso a los datos que el USUARIO pueda tener en su disco duro. La identidad del USUARIO nunca es insertada directamente en la cookie y por tanto no es interceptable. Las \u00fanicas cookies no an\u00f3nimas, es decir, que permiten la identificaci\u00f3n, s\u00f3lo se pueden asignar previa autorizaci\u00f3n del USUARIO cuando desea tener identificaci\u00f3n inmediata para acceder a \u00e1reas restringidas del sitio web sin que el USUARIO inserte manualmente sus claves. En todo caso, si el USUARIO desea que no se instalen esas cookies tiene la posibilidad de configurar su navegador para impedirlo sin que se produzca ninguna alteraci\u00f3n o modificaci\u00f3n en el uso del sitio web de USUARIO.<\/p>\n\n\n\n<h2 class=\"wp-block-heading\">Veracidad de los datos<\/h2>\n\n\n\n<p>El USUARIO es responsable de la veracidad de sus datos, comprometi\u00e9ndose a no introducir datos falsos y a proceder a la modificaci\u00f3n de los mismos si fuera necesario.<\/p>\n\n\n\n<div style=\"height:100px\" aria-hidden=\"true\" class=\"wp-block-spacer\"><\/div>\n","protected":false},"excerpt":{"rendered":"<p>PROTECCI\u00d3N DE DATOS PERSONALES Informaci\u00f3n al usuario de la existencia de fichero y solicitud del consentimiento para el tratamiento automatizado de los datos En relaci\u00f3n con los datos de car\u00e1cter personal facilitados por el USUARIO en los formularios que puedan existir en el sitio web de PLASTICOS DE LA PENINSULA IBERICA, S.L. en adelante GRUPO [&hellip;]<\/p>\n","protected":false},"author":1,"featured_media":0,"parent":0,"menu_order":0,"comment_status":"closed","ping_status":"closed","template":"","meta":{"_et_pb_use_builder":"off","_et_pb_old_content":"<!-- wp:heading -->\n<h2 class=\"wp-block-heading\">Qui\u00e9nes somos<\/h2>\n<!-- \/wp:heading -->\n\n<!-- wp:paragraph -->\n<p><strong class=\"privacy-policy-tutorial\">Texto sugerido: <\/strong>La direcci\u00f3n de nuestra web es: https:\/\/grupoplastiberica.com.<\/p>\n<!-- \/wp:paragraph -->\n\n<!-- wp:heading -->\n<h2 class=\"wp-block-heading\">Comentarios<\/h2>\n<!-- \/wp:heading -->\n\n<!-- wp:paragraph -->\n<p><strong class=\"privacy-policy-tutorial\">Texto sugerido: <\/strong>Cuando los visitantes dejan comentarios en la web, recopilamos los datos que se muestran en el formulario de comentarios, as\u00ed como la direcci\u00f3n IP del visitante y la cadena de agentes de usuario del navegador para ayudar a la detecci\u00f3n de spam.<\/p>\n<!-- \/wp:paragraph -->\n\n<!-- wp:paragraph -->\n<p>Una cadena an\u00f3nima creada a partir de tu direcci\u00f3n de correo electr\u00f3nico (tambi\u00e9n llamada hash) puede ser proporcionada al servicio de Gravatar para ver si la est\u00e1s usando. La pol\u00edtica de privacidad del servicio Gravatar est\u00e1 disponible aqu\u00ed: https:\/\/automattic.com\/privacy\/. Despu\u00e9s de la aprobaci\u00f3n de tu comentario, la imagen de tu perfil es visible para el p\u00fablico en el contexto de tu comentario.<\/p>\n<!-- \/wp:paragraph -->\n\n<!-- wp:heading -->\n<h2 class=\"wp-block-heading\">Medios<\/h2>\n<!-- \/wp:heading -->\n\n<!-- wp:paragraph -->\n<p><strong class=\"privacy-policy-tutorial\">Texto sugerido: <\/strong>Si subes im\u00e1genes a la web, deber\u00edas evitar subir im\u00e1genes con datos de ubicaci\u00f3n (GPS EXIF) incluidos. Los visitantes de la web pueden descargar y extraer cualquier dato de ubicaci\u00f3n de las im\u00e1genes de la web.<\/p>\n<!-- \/wp:paragraph -->\n\n<!-- wp:heading -->\n<h2 class=\"wp-block-heading\">Cookies<\/h2>\n<!-- \/wp:heading -->\n\n<!-- wp:paragraph -->\n<p><strong class=\"privacy-policy-tutorial\">Texto sugerido: <\/strong>Si dejas un comentario en nuestro sitio puedes elegir guardar tu nombre, direcci\u00f3n de correo electr\u00f3nico y web en cookies. Esto es para tu comodidad, para que no tengas que volver a rellenar tus datos cuando dejes otro comentario. Estas cookies tendr\u00e1n una duraci\u00f3n de un a\u00f1o.<\/p>\n<!-- \/wp:paragraph -->\n\n<!-- wp:paragraph -->\n<p>Si tienes una cuenta y te conectas a este sitio, instalaremos una cookie temporal para determinar si tu navegador acepta cookies. Esta cookie no contiene datos personales y se elimina al cerrar el navegador.<\/p>\n<!-- \/wp:paragraph -->\n\n<!-- wp:paragraph -->\n<p>Cuando accedas, tambi\u00e9n instalaremos varias cookies para guardar tu informaci\u00f3n de acceso y tus opciones de visualizaci\u00f3n de pantalla. Las cookies de acceso duran dos d\u00edas, y las cookies de opciones de pantalla duran un a\u00f1o. Si seleccionas \u00abRecu\u00e9rdarme\u00bb, tu acceso perdurar\u00e1 durante dos semanas. Si sales de tu cuenta, las cookies de acceso se eliminar\u00e1n.<\/p>\n<!-- \/wp:paragraph -->\n\n<!-- wp:paragraph -->\n<p>Si editas o publicas un art\u00edculo se guardar\u00e1 una cookie adicional en tu navegador. Esta cookie no incluye datos personales y simplemente indica el ID del art\u00edculo que acabas de editar. Caduca despu\u00e9s de 1 d\u00eda.<\/p>\n<!-- \/wp:paragraph -->\n\n<!-- wp:heading -->\n<h2 class=\"wp-block-heading\">Contenido incrustado de otros sitios web<\/h2>\n<!-- \/wp:heading -->\n\n<!-- wp:paragraph -->\n<p><strong class=\"privacy-policy-tutorial\">Texto sugerido: <\/strong>Los art\u00edculos de este sitio pueden incluir contenido incrustado (por ejemplo, v\u00eddeos, im\u00e1genes, art\u00edculos, etc.). El contenido incrustado de otras webs se comporta exactamente de la misma manera que si el visitante hubiera visitado la otra web.<\/p>\n<!-- \/wp:paragraph -->\n\n<!-- wp:paragraph -->\n<p>Estas web pueden recopilar datos sobre ti, utilizar cookies, incrustar un seguimiento adicional de terceros, y supervisar tu interacci\u00f3n con ese contenido incrustado, incluido el seguimiento de tu interacci\u00f3n con el contenido incrustado si tienes una cuenta y est\u00e1s conectado a esa web.<\/p>\n<!-- \/wp:paragraph -->\n\n<!-- wp:heading -->\n<h2 class=\"wp-block-heading\">Con qui\u00e9n compartimos tus datos<\/h2>\n<!-- \/wp:heading -->\n\n<!-- wp:paragraph -->\n<p><strong class=\"privacy-policy-tutorial\">Texto sugerido: <\/strong>Si solicitas un restablecimiento de contrase\u00f1a, tu direcci\u00f3n IP ser\u00e1 incluida en el correo electr\u00f3nico de restablecimiento.<\/p>\n<!-- \/wp:paragraph -->\n\n<!-- wp:heading -->\n<h2 class=\"wp-block-heading\">Cu\u00e1nto tiempo conservamos tus datos<\/h2>\n<!-- \/wp:heading -->\n\n<!-- wp:paragraph -->\n<p><strong class=\"privacy-policy-tutorial\">Texto sugerido: <\/strong>Si dejas un comentario, el comentario y sus metadatos se conservan indefinidamente. Esto es para que podamos reconocer y aprobar comentarios sucesivos autom\u00e1ticamente, en lugar de mantenerlos en una cola de moderaci\u00f3n.<\/p>\n<!-- \/wp:paragraph -->\n\n<!-- wp:paragraph -->\n<p>De los usuarios que se registran en nuestra web (si los hay), tambi\u00e9n almacenamos la informaci\u00f3n personal que proporcionan en su perfil de usuario. Todos los usuarios pueden ver, editar o eliminar su informaci\u00f3n personal en cualquier momento (excepto que no pueden cambiar su nombre de usuario). Los administradores de la web tambi\u00e9n pueden ver y editar esa informaci\u00f3n.<\/p>\n<!-- \/wp:paragraph -->\n\n<!-- wp:heading -->\n<h2 class=\"wp-block-heading\">Qu\u00e9 derechos tienes sobre tus datos<\/h2>\n<!-- \/wp:heading -->\n\n<!-- wp:paragraph -->\n<p><strong class=\"privacy-policy-tutorial\">Texto sugerido: <\/strong>Si tienes una cuenta o has dejado comentarios en esta web, puedes solicitar recibir un archivo de exportaci\u00f3n de los datos personales que tenemos sobre ti, incluyendo cualquier dato que nos hayas proporcionado. Tambi\u00e9n puedes solicitar que eliminemos cualquier dato personal que tengamos sobre ti. Esto no incluye ning\u00fan dato que estemos obligados a conservar con fines administrativos, legales o de seguridad.<\/p>\n<!-- \/wp:paragraph -->\n\n<!-- wp:heading -->\n<h2 class=\"wp-block-heading\">D\u00f3nde se env\u00edan tus datos<\/h2>\n<!-- \/wp:heading -->\n\n<!-- wp:paragraph -->\n<p><strong class=\"privacy-policy-tutorial\">Texto sugerido: <\/strong>Los comentarios de los visitantes puede que los revise un servicio de detecci\u00f3n autom\u00e1tica de spam.<\/p>\n<!-- \/wp:paragraph -->","_et_gb_content_width":"1080","footnotes":""},"class_list":["post-102249","page","type-page","status-publish","hentry"],"_links":{"self":[{"href":"https:\/\/grupoplastiberica.com\/index.php\/wp-json\/wp\/v2\/pages\/102249","targetHints":{"allow":["GET"]}}],"collection":[{"href":"https:\/\/grupoplastiberica.com\/index.php\/wp-json\/wp\/v2\/pages"}],"about":[{"href":"https:\/\/grupoplastiberica.com\/index.php\/wp-json\/wp\/v2\/types\/page"}],"author":[{"embeddable":true,"href":"https:\/\/grupoplastiberica.com\/index.php\/wp-json\/wp\/v2\/users\/1"}],"replies":[{"embeddable":true,"href":"https:\/\/grupoplastiberica.com\/index.php\/wp-json\/wp\/v2\/comments?post=102249"}],"version-history":[{"count":4,"href":"https:\/\/grupoplastiberica.com\/index.php\/wp-json\/wp\/v2\/pages\/102249\/revisions"}],"predecessor-version":[{"id":102254,"href":"https:\/\/grupoplastiberica.com\/index.php\/wp-json\/wp\/v2\/pages\/102249\/revisions\/102254"}],"wp:attachment":[{"href":"https:\/\/grupoplastiberica.com\/index.php\/wp-json\/wp\/v2\/media?parent=102249"}],"curies":[{"name":"wp","href":"https:\/\/api.w.org\/{rel}","templated":true}]}}